{"id":4107,"date":"2025-10-31T03:51:33","date_gmt":"2025-10-31T00:51:33","guid":{"rendered":"https:\/\/dralpaslan.com\/fr\/?page_id=4107"},"modified":"2025-10-31T03:53:56","modified_gmt":"2025-10-31T00:53:56","slug":"devoirs-pouvoirs-et-responsabilites-du-comite-de-gestion-de-la-qualite","status":"publish","type":"page","link":"https:\/\/dralpaslan.com\/fr\/devoirs-pouvoirs-et-responsabilites-du-comite-de-gestion-de-la-qualite","title":{"rendered":"Devoirs, pouvoirs et responsabilit\u00e9s du comit\u00e9 de gestion de la qualit\u00e9"},"content":{"rendered":"\t\t<div data-elementor-type=\"wp-page\" data-elementor-id=\"4107\" class=\"elementor elementor-4107\">\n\t\t\t\t\t\t\t\t\t<section class=\"elementor-section elementor-top-section elementor-element elementor-element-dea0ef6 elementor-section-height-min-height elementor-section-items-stretch elementor-section-stretched elementor-section-boxed elementor-section-height-default wpr-particle-no wpr-jarallax-no wpr-parallax-no wpr-sticky-section-no\" data-id=\"dea0ef6\" data-element_type=\"section\" data-settings=\"{&quot;background_background&quot;:&quot;classic&quot;,&quot;stretch_section&quot;:&quot;section-stretched&quot;}\">\n\t\t\t\t\t\t\t<div class=\"elementor-background-overlay\"><\/div>\n\t\t\t\t\t\t\t<div class=\"elementor-container elementor-column-gap-default\">\n\t\t\t\t\t<div class=\"elementor-column elementor-col-50 elementor-top-column elementor-element elementor-element-73b5508\" data-id=\"73b5508\" data-element_type=\"column\">\n\t\t\t<div class=\"elementor-widget-wrap elementor-element-populated\">\n\t\t\t\t\t\t\t\t<div class=\"elementor-element elementor-element-d370daf elementor-widget elementor-widget-spacer\" data-id=\"d370daf\" data-element_type=\"widget\" data-widget_type=\"spacer.default\">\n\t\t\t\t<div class=\"elementor-widget-container\">\n\t\t\t<style>\/*! elementor - v3.17.0 - 01-11-2023 *\/\n.elementor-column .elementor-spacer-inner{height:var(--spacer-size)}.e-con{--container-widget-width:100%}.e-con-inner>.elementor-widget-spacer,.e-con>.elementor-widget-spacer{width:var(--container-widget-width,var(--spacer-size));--align-self:var(--container-widget-align-self,initial);--flex-shrink:0}.e-con-inner>.elementor-widget-spacer>.elementor-widget-container,.e-con>.elementor-widget-spacer>.elementor-widget-container{height:100%;width:100%}.e-con-inner>.elementor-widget-spacer>.elementor-widget-container>.elementor-spacer,.e-con>.elementor-widget-spacer>.elementor-widget-container>.elementor-spacer{height:100%}.e-con-inner>.elementor-widget-spacer>.elementor-widget-container>.elementor-spacer>.elementor-spacer-inner,.e-con>.elementor-widget-spacer>.elementor-widget-container>.elementor-spacer>.elementor-spacer-inner{height:var(--container-widget-height,var(--spacer-size))}.e-con-inner>.elementor-widget-spacer.elementor-widget-empty,.e-con>.elementor-widget-spacer.elementor-widget-empty{position:relative;min-height:22px;min-width:22px}.e-con-inner>.elementor-widget-spacer.elementor-widget-empty .elementor-widget-empty-icon,.e-con>.elementor-widget-spacer.elementor-widget-empty .elementor-widget-empty-icon{position:absolute;top:0;bottom:0;left:0;right:0;margin:auto;padding:0;width:22px;height:22px}<\/style>\t\t<div class=\"elementor-spacer\">\n\t\t\t<div class=\"elementor-spacer-inner\"><\/div>\n\t\t<\/div>\n\t\t\t\t<\/div>\n\t\t\t\t<\/div>\n\t\t\t\t<div class=\"elementor-element elementor-element-2897991 elementor-widget elementor-widget-heading\" data-id=\"2897991\" data-element_type=\"widget\" data-widget_type=\"heading.default\">\n\t\t\t\t<div class=\"elementor-widget-container\">\n\t\t\t<style>\/*! elementor - v3.17.0 - 01-11-2023 *\/\n.elementor-heading-title{padding:0;margin:0;line-height:1}.elementor-widget-heading .elementor-heading-title[class*=elementor-size-]>a{color:inherit;font-size:inherit;line-height:inherit}.elementor-widget-heading .elementor-heading-title.elementor-size-small{font-size:15px}.elementor-widget-heading .elementor-heading-title.elementor-size-medium{font-size:19px}.elementor-widget-heading .elementor-heading-title.elementor-size-large{font-size:29px}.elementor-widget-heading .elementor-heading-title.elementor-size-xl{font-size:39px}.elementor-widget-heading .elementor-heading-title.elementor-size-xxl{font-size:59px}<\/style><h1 class=\"elementor-heading-title elementor-size-default\">Devoirs, pouvoirs et responsabilit\u00e9s du comit\u00e9 de gestion de la qualit\u00e9<\/h1>\t\t<\/div>\n\t\t\t\t<\/div>\n\t\t\t\t<div class=\"elementor-element elementor-element-852af8f elementor-widget elementor-widget-spacer\" data-id=\"852af8f\" data-element_type=\"widget\" data-widget_type=\"spacer.default\">\n\t\t\t\t<div class=\"elementor-widget-container\">\n\t\t\t\t\t<div class=\"elementor-spacer\">\n\t\t\t<div class=\"elementor-spacer-inner\"><\/div>\n\t\t<\/div>\n\t\t\t\t<\/div>\n\t\t\t\t<\/div>\n\t\t\t\t<div class=\"elementor-element elementor-element-1b2d696 elementor-widget elementor-widget-heading\" data-id=\"1b2d696\" data-element_type=\"widget\" data-widget_type=\"heading.default\">\n\t\t\t\t<div class=\"elementor-widget-container\">\n\t\t\t<div class=\"elementor-heading-title elementor-size-default\"><div class=\"aioseo-breadcrumbs\"><span class=\"aioseo-breadcrumb\">\n\tAnasayfa\n<\/span><\/div><\/div>\t\t<\/div>\n\t\t\t\t<\/div>\n\t\t\t\t\t<\/div>\n\t\t<\/div>\n\t\t\t\t<div class=\"elementor-column elementor-col-50 elementor-top-column elementor-element elementor-element-ae63a10 elementor-hidden-mobile\" data-id=\"ae63a10\" data-element_type=\"column\">\n\t\t\t<div class=\"elementor-widget-wrap\">\n\t\t\t\t\t\t\t\t\t<\/div>\n\t\t<\/div>\n\t\t\t\t\t\t\t<\/div>\n\t\t<\/section>\n\t\t\t\t<section class=\"elementor-section elementor-top-section elementor-element elementor-element-bbe06a4 elementor-section-stretched elementor-section-boxed elementor-section-height-default elementor-section-height-default wpr-particle-no wpr-jarallax-no wpr-parallax-no wpr-sticky-section-no\" data-id=\"bbe06a4\" data-element_type=\"section\" data-settings=\"{&quot;background_background&quot;:&quot;classic&quot;,&quot;stretch_section&quot;:&quot;section-stretched&quot;}\">\n\t\t\t\t\t\t<div class=\"elementor-container elementor-column-gap-default\">\n\t\t\t\t\t<div class=\"elementor-column elementor-col-100 elementor-top-column elementor-element elementor-element-fd1a3d0\" data-id=\"fd1a3d0\" data-element_type=\"column\">\n\t\t\t<div class=\"elementor-widget-wrap elementor-element-populated\">\n\t\t\t\t\t\t\t\t<div class=\"elementor-element elementor-element-494c0e1 elementor-widget elementor-widget-text-editor\" data-id=\"494c0e1\" data-element_type=\"widget\" data-widget_type=\"text-editor.default\">\n\t\t\t\t<div class=\"elementor-widget-container\">\n\t\t\t<style>\/*! elementor - v3.17.0 - 01-11-2023 *\/\n.elementor-widget-text-editor.elementor-drop-cap-view-stacked .elementor-drop-cap{background-color:#69727d;color:#fff}.elementor-widget-text-editor.elementor-drop-cap-view-framed .elementor-drop-cap{color:#69727d;border:3px solid;background-color:transparent}.elementor-widget-text-editor:not(.elementor-drop-cap-view-default) .elementor-drop-cap{margin-top:8px}.elementor-widget-text-editor:not(.elementor-drop-cap-view-default) .elementor-drop-cap-letter{width:1em;height:1em}.elementor-widget-text-editor .elementor-drop-cap{float:left;text-align:center;line-height:1;font-size:50px}.elementor-widget-text-editor .elementor-drop-cap-letter{display:inline-block}<\/style>\t\t\t\t<ol><li style=\"list-style-type: none\"><ol><li><strong>DESCRIPTION DU POSTE <\/strong><\/li><\/ol><\/li><\/ol><p>Au Centre m\u00e9dical chirurgical Dr Alp Aslan, il s&#8217;agit de d\u00e9terminer les mesures \u00e0 prendre en mati\u00e8re de s\u00e9curit\u00e9 des patients, de sant\u00e9 et de s\u00e9curit\u00e9 des employ\u00e9s, de gestion de la formation, de pr\u00e9vention des infections et de s\u00e9curit\u00e9 des installations, et de veiller \u00e0 leur mise en \u0153uvre au sein de notre \u00e9tablissement.<\/p><ol start=\"2\"><li style=\"list-style-type: none\"><ol start=\"2\"><li><strong>LES \u00c9L\u00c9MENTS QUI DOIVENT FIGURER DANS LA COMMISSION <\/strong><\/li><\/ol><\/li><\/ol><p>Directeur g\u00e9n\u00e9ral, directeur financier et administratif, responsable de la gestion de la qualit\u00e9, responsable des services de sant\u00e9, sp\u00e9cialiste de la sant\u00e9 et de la s\u00e9curit\u00e9 au travail, responsables de la qualit\u00e9 des services chirurgicaux et de greffe capillaire, infirmi\u00e8re charg\u00e9e de la formation. Si n\u00e9cessaire, des experts\/employ\u00e9s sp\u00e9cialis\u00e9s dans les th\u00e8mes \u00e0 l&#8217;ordre du jour peuvent \u00eatre invit\u00e9s \u00e0 participer au comit\u00e9 en tant que membres suppl\u00e9mentaires.<\/p><ol start=\"3\"><li style=\"list-style-type: none\"><ol start=\"3\"><li><strong>MISSIONS, POUVOIRS ET RESPONSABILIT\u00c9S <\/strong><\/li><\/ol><\/li><\/ol><p>Il d\u00e9termine l&#8217;identification correcte des patients et veille \u00e0 ce que les dispositions n\u00e9cessaires soient prises.<\/p><p>Il permet de cr\u00e9er un environnement de communication efficace entre les employ\u00e9s.<\/p><p>Assure la s\u00e9curit\u00e9 des m\u00e9dicaments.<\/p><p>Il permet de r\u00e9duire les risques li\u00e9s aux chutes.<\/p><p>Assure la s\u00e9curit\u00e9 des dispositifs m\u00e9dicaux.<\/p><p>Il garantit la confidentialit\u00e9 des patients.<\/p><p>Il assure le transfert des patients en toute s\u00e9curit\u00e9.<\/p><p>Il garantit le transfert s\u00e9curis\u00e9 des informations et des dossiers des patients entre les professionnels de sant\u00e9.<\/p><p>Assure la s\u00e9curit\u00e9 des informations.<\/p><p>Pr\u00e9vention des infections.<\/p><p>Assurer la s\u00e9curit\u00e9 des patients dans le laboratoire.<\/p><p>D\u00e9termine les formations relatives \u00e0 la s\u00e9curit\u00e9 des patients.<\/p><p>Il m\u00e8ne des actions pr\u00e9ventives et correctives en mati\u00e8re de s\u00e9curit\u00e9 des patients.<\/p><p>Examine les notifications d&#8217;\u00e9v\u00e9nements ind\u00e9sirables.<\/p><p>Il veille \u00e0 ce que des dispositions soient prises et suivies pour r\u00e9pondre aux besoins et \u00e0 l&#8217;\u00e9tat de sant\u00e9 du personnel dans des situations particuli\u00e8res (femmes enceintes, allaitantes, handicap\u00e9es, souffrant d&#8217;une maladie chronique, etc.).<\/p><p>Il \u00e9value les commentaires des employ\u00e9s (suggestions, plaintes, etc.).<\/p><p>Suivi des travaux d&#8217;\u00e9valuation des risques pour les employ\u00e9s<\/p><p>Il assure le suivi des mesures d&#8217;am\u00e9lioration mises en place pour r\u00e9duire les risques identifi\u00e9s dans le cadre de la s\u00e9curit\u00e9 des employ\u00e9s.<\/p><p>Il pr\u00e9pare et assure le suivi du programme de surveillance sanitaire.<\/p><p>Dans le cadre de la gestion de la formation, il planifie, suit et \u00e9value les formations sur les normes de qualit\u00e9 dans le domaine de la sant\u00e9, les formations continues, les formations g\u00e9n\u00e9rales et d&#8217;adaptation, ainsi que les formations destin\u00e9es aux patients et \u00e0 leurs proches.<\/p><p>Dans le cadre de la s\u00e9curit\u00e9 des installations, il \u00e9value les donn\u00e9es obtenues lors des visites des b\u00e2timents, assure la s\u00e9curit\u00e9 des infrastructures du centre m\u00e9dical, garantit la s\u00e9curit\u00e9 des personnes et des biens au sein de l&#8217;\u00e9tablissement, coordonne les op\u00e9rations de gestion des urgences et des catastrophes, planifie et coordonne les op\u00e9rations de gestion des d\u00e9chets, les plans d&#8217;entretien, de r\u00e9glage et d&#8217;\u00e9talonnage des appareils m\u00e9dicaux, ainsi que leur \u00e9talonnage, et planifie et coordonne la gestion des mati\u00e8res dangereuses.<\/p><ol start=\"4\"><li style=\"list-style-type: none\"><ol start=\"4\"><li><strong>R\u00c8GLES G\u00c9N\u00c9RALES <\/strong><\/li><\/ol><\/li><\/ol><p>Le comit\u00e9 se r\u00e9unit au moins quatre fois par an, \u00e0 des dates fix\u00e9es \u00e0 l&#8217;avance. Le comit\u00e9 peut \u00e9galement se r\u00e9unir en dehors des dates pr\u00e9vues en cas de circonstances exceptionnelles.<\/p><p>Les r\u00e9unions sont planifi\u00e9es \u00e0 l&#8217;avance, au moins deux jours avant leur tenue. Le formulaire d&#8217;annonce de r\u00e9union, qui pr\u00e9cise le nom du responsable et des participants, l&#8217;ordre du jour et la dur\u00e9e de la r\u00e9union, ainsi que le lieu et l&#8217;heure, est communiqu\u00e9 aux participants.<\/p><p>Toutes les d\u00e9cisions prises lors de la r\u00e9union sont consign\u00e9es dans le formulaire des d\u00e9cisions de la r\u00e9union du comit\u00e9 et sign\u00e9es.<\/p><p>Conform\u00e9ment aux d\u00e9cisions prises, le service qualit\u00e9 est charg\u00e9 de lancer et de mener \u00e0 bien les travaux d&#8217;am\u00e9lioration n\u00e9cessaires dans le domaine de comp\u00e9tence du comit\u00e9, ainsi que d&#8217;informer l&#8217;\u00e9quipe du comit\u00e9 des progr\u00e8s r\u00e9alis\u00e9s.<\/p><p>Le comit\u00e9 d\u00e9termine les activit\u00e9s de formation n\u00e9cessaires dans son domaine de comp\u00e9tence.<\/p><p>Si n\u00e9cessaire, le comit\u00e9 travaille en collaboration avec d&#8217;autres conseils et \u00e9quipes.<\/p><ol start=\"5\"><li style=\"list-style-type: none\"><ol start=\"5\"><li><strong>DESCRIPTIONS DE POSTE <\/strong><\/li><\/ol><\/li><\/ol><p><strong>Directeur responsable : <\/strong>Il est charg\u00e9 de veiller \u00e0 la pertinence m\u00e9dicale et \u00e0 la mise en \u0153uvre de l&#8217;ordre du jour et des d\u00e9cisions du comit\u00e9, ainsi que de l&#8217;application des d\u00e9cisions m\u00e9dicales prises et du retour d&#8217;information au comit\u00e9. Il est habilit\u00e9 \u00e0 apporter des modifications au fonctionnement afin de mettre en \u0153uvre les d\u00e9cisions et les dispositions prises.<\/p><p><strong>Directeur administratif et financier : <\/strong>Il est charg\u00e9 de veiller \u00e0 la conformit\u00e9 administrative et \u00e0 la mise en \u0153uvre de l&#8217;ordre du jour et des d\u00e9cisions du comit\u00e9. Il est responsable de l&#8217;application des d\u00e9cisions administratives prises et du retour d&#8217;information au comit\u00e9. Il est habilit\u00e9 \u00e0 modifier les proc\u00e9dures op\u00e9rationnelles afin de mettre en \u0153uvre les d\u00e9cisions et les dispositions prises.<\/p><p><strong>Responsable des services de sant\u00e9 : <\/strong>Il est charg\u00e9 de veiller \u00e0 la pertinence et \u00e0 la mise en \u0153uvre des d\u00e9cisions du comit\u00e9 en mati\u00e8re de services de sant\u00e9, ainsi que de l&#8217;application des d\u00e9cisions relatives aux services de sant\u00e9 et du retour d&#8217;information au comit\u00e9. Il est habilit\u00e9 \u00e0 prendre des mesures conform\u00e9ment aux d\u00e9cisions prises.<\/p><p><strong>Responsable de la gestion de la qualit\u00e9 : <\/strong>Il est charg\u00e9 de l&#8217;organisation du comit\u00e9 et de la conformit\u00e9 de l&#8217;ordre du jour et des d\u00e9cisions aux normes de qualit\u00e9. Il est responsable de l&#8217;organisation de toutes les d\u00e9cisions prises et du bon d\u00e9roulement des op\u00e9rations. Il est habilit\u00e9 \u00e0 normaliser les op\u00e9rations conform\u00e9ment aux d\u00e9cisions prises et \u00e0 prendre les dispositions n\u00e9cessaires pour en assurer le suivi.<\/p><p><strong>Infirmi\u00e8re charg\u00e9e des services cliniques : <\/strong>Elle est charg\u00e9e de donner son avis au comit\u00e9 sur l&#8217;ordre du jour et les d\u00e9cisions du comit\u00e9 relevant de son groupe professionnel et est responsable de partager avec le comit\u00e9 les observations du groupe professionnel sur le sujet. Ses comp\u00e9tences sont d\u00e9termin\u00e9es par le comit\u00e9 en fonction de l&#8217;ordre du jour et des d\u00e9cisions.<\/p><p><strong>Infirmi\u00e8re charg\u00e9e de la formation<\/strong> : Elle est charg\u00e9e de veiller \u00e0 la pertinence et \u00e0 la mise en \u0153uvre des d\u00e9cisions prises par le comit\u00e9, ainsi que de rendre compte au comit\u00e9 des d\u00e9cisions prises. Ses attributions sont d\u00e9finies par le comit\u00e9 en fonction de l&#8217;ordre du jour et des d\u00e9cisions prises.<\/p><p><strong>Responsable qualit\u00e9 du d\u00e9partement<\/strong> : charg\u00e9 de donner son avis au comit\u00e9 sur l&#8217;ordre du jour et les d\u00e9cisions relatives au fonctionnement du d\u00e9partement, il est tenu de partager avec le comit\u00e9 ses observations sur le fonctionnement du d\u00e9partement. Ses comp\u00e9tences sont d\u00e9termin\u00e9es par le comit\u00e9 en fonction de l&#8217;ordre du jour et des d\u00e9cisions.<\/p><p><strong>Sp\u00e9cialiste en s\u00e9curit\u00e9 au travail <\/strong>: Il est charg\u00e9 d&#8217;\u00e9valuer les questions trait\u00e9es par le comit\u00e9 sous l&#8217;angle de la s\u00e9curit\u00e9 au travail, de donner son avis et de mettre en \u0153uvre les processus li\u00e9s \u00e0 la s\u00e9curit\u00e9 au travail dans l&#8217;\u00e9tablissement.<\/p>\t\t\t\t\t\t<\/div>\n\t\t\t\t<\/div>\n\t\t\t\t\t<\/div>\n\t\t<\/div>\n\t\t\t\t\t\t\t<\/div>\n\t\t<\/section>\n\t\t\t\t\t\t\t<\/div>\n\t\t","protected":false},"excerpt":{"rendered":"<p>Devoirs, pouvoirs et responsabilit\u00e9s du comit\u00e9 de gestion de la qualit\u00e9 DESCRIPTION DU POSTE Au Centre m\u00e9dical chirurgical Dr Alp Aslan, il s&#8217;agit de d\u00e9terminer les mesures \u00e0 prendre en mati\u00e8re de s\u00e9curit\u00e9 des patients, de sant\u00e9 et de s\u00e9curit\u00e9 des employ\u00e9s, de gestion de la formation, de pr\u00e9vention des infections et de s\u00e9curit\u00e9 des&#8230;<\/p>\n","protected":false},"author":1,"featured_media":0,"parent":0,"menu_order":0,"comment_status":"closed","ping_status":"closed","template":"","meta":{"_lmt_disableupdate":"no","_lmt_disable":"","footnotes":""},"class_list":["post-4107","page","type-page","status-publish","hentry"],"aioseo_notices":[],"_links":{"self":[{"href":"https:\/\/dralpaslan.com\/fr\/wp-json\/wp\/v2\/pages\/4107","targetHints":{"allow":["GET"]}}],"collection":[{"href":"https:\/\/dralpaslan.com\/fr\/wp-json\/wp\/v2\/pages"}],"about":[{"href":"https:\/\/dralpaslan.com\/fr\/wp-json\/wp\/v2\/types\/page"}],"author":[{"embeddable":true,"href":"https:\/\/dralpaslan.com\/fr\/wp-json\/wp\/v2\/users\/1"}],"replies":[{"embeddable":true,"href":"https:\/\/dralpaslan.com\/fr\/wp-json\/wp\/v2\/comments?post=4107"}],"version-history":[{"count":4,"href":"https:\/\/dralpaslan.com\/fr\/wp-json\/wp\/v2\/pages\/4107\/revisions"}],"predecessor-version":[{"id":4113,"href":"https:\/\/dralpaslan.com\/fr\/wp-json\/wp\/v2\/pages\/4107\/revisions\/4113"}],"wp:attachment":[{"href":"https:\/\/dralpaslan.com\/fr\/wp-json\/wp\/v2\/media?parent=4107"}],"curies":[{"name":"wp","href":"https:\/\/api.w.org\/{rel}","templated":true}]}}